{"id":2219,"date":"2025-04-25T11:07:44","date_gmt":"2025-04-25T09:07:44","guid":{"rendered":"https:\/\/germanier.com\/?post_type=product&#038;p=2219"},"modified":"2026-02-03T15:51:21","modified_gmt":"2026-02-03T14:51:21","slug":"luft","status":"publish","type":"product","link":"https:\/\/germanier.com\/de\/shop\/luft\/","title":{"rendered":"Petite Arvine \"Air\""},"content":{"rendered":"","protected":false},"excerpt":{"rendered":"<p><span data-sheets-root=\"1\">Ce vin en \u00e9dition limit\u00e9e est le fruit de la collaboration avec les artistes valaisans Mathilde Roh et Yvan Lagger. Vinifi\u00e9e en blanc sec, la Petite Arvine d\u00e9voile des ar\u00f4mes d\u2019agrumes et de rhubarbe. Son acidit\u00e9 lui conf\u00e8re une vivacit\u00e9 remarquable, tandis qu&rsquo;une touche l\u00e9g\u00e8rement sal\u00e9e en fin de bouche offre une agr\u00e9able complexit\u00e9.<\/span><\/p>","protected":false},"featured_media":2145,"comment_status":"open","ping_status":"closed","template":"","meta":{"_acf_changed":false},"product_brand":[],"product_cat":[95],"product_tag":[],"giftcard-category":[],"class_list":{"0":"post-2219","1":"product","2":"type-product","3":"status-publish","4":"has-post-thumbnail","6":"product_cat-signature","8":"first","9":"outofstock","10":"taxable","11":"shipping-taxable","12":"purchasable","13":"product-type-simple"},"bundled_by":["2265"],"bundle_stock_status":"outofstock","bundle_stock_quantity":null,"bundle_virtual":false,"bundle_layout":"","bundle_add_to_cart_form_location":"","bundle_editable_in_cart":false,"bundle_sold_individually_context":"","bundle_item_grouping":"","bundle_min_size":"","bundle_max_size":"","bundle_price":[],"bundled_items":[],"bundle_sell_ids":[],"acf":[],"_links":{"self":[{"href":"https:\/\/germanier.com\/de\/wp-json\/wp\/v2\/product\/2219","targetHints":{"allow":["GET"]}}],"collection":[{"href":"https:\/\/germanier.com\/de\/wp-json\/wp\/v2\/product"}],"about":[{"href":"https:\/\/germanier.com\/de\/wp-json\/wp\/v2\/types\/product"}],"replies":[{"embeddable":true,"href":"https:\/\/germanier.com\/de\/wp-json\/wp\/v2\/comments?post=2219"}],"version-history":[{"count":10,"href":"https:\/\/germanier.com\/de\/wp-json\/wp\/v2\/product\/2219\/revisions"}],"predecessor-version":[{"id":3858,"href":"https:\/\/germanier.com\/de\/wp-json\/wp\/v2\/product\/2219\/revisions\/3858"}],"wp:featuredmedia":[{"embeddable":true,"href":"https:\/\/germanier.com\/de\/wp-json\/wp\/v2\/media\/2145"}],"wp:attachment":[{"href":"https:\/\/germanier.com\/de\/wp-json\/wp\/v2\/media?parent=2219"}],"wp:term":[{"taxonomy":"product_brand","embeddable":true,"href":"https:\/\/germanier.com\/de\/wp-json\/wp\/v2\/product_brand?post=2219"},{"taxonomy":"product_cat","embeddable":true,"href":"https:\/\/germanier.com\/de\/wp-json\/wp\/v2\/product_cat?post=2219"},{"taxonomy":"product_tag","embeddable":true,"href":"https:\/\/germanier.com\/de\/wp-json\/wp\/v2\/product_tag?post=2219"},{"taxonomy":"giftcard-category","embeddable":true,"href":"https:\/\/germanier.com\/de\/wp-json\/wp\/v2\/giftcard-category?post=2219"}],"curies":[{"name":"wp","href":"https:\/\/api.w.org\/{rel}","templated":true}]}}