{"id":2217,"date":"2025-04-25T10:31:16","date_gmt":"2025-04-25T08:31:16","guid":{"rendered":"https:\/\/germanier.com\/?post_type=product&#038;p=2217"},"modified":"2025-10-21T08:52:22","modified_gmt":"2025-10-21T06:52:22","slug":"reflets-rouge","status":"publish","type":"product","link":"https:\/\/germanier.com\/de\/shop\/reflets-rouge\/","title":{"rendered":"Reflets Rouge"},"content":{"rendered":"","protected":false},"excerpt":{"rendered":"<p>Ce vin se distingue par sa robe pourpre profonde aux reflets violac\u00e9s. Au nez, il d\u00e9ploie des ar\u00f4mes complexes m\u00ealant des notes de violette et de fruits noirs, enrichies de touches subtiles de poivre. En bouche, il offre une structure robuste avec des tanins soyeux, soutenus par une acidit\u00e9 \u00e9quilibr\u00e9e qui conf\u00e8re une belle longueur en final. Ce vin incarne la richesse et la profondeur caract\u00e9ristiques de la Syrah, promettant une exp\u00e9rience sensorielle unique.<\/p>","protected":false},"featured_media":2159,"comment_status":"open","ping_status":"closed","template":"","meta":{"_acf_changed":false},"product_brand":[],"product_cat":[95],"product_tag":[],"giftcard-category":[],"class_list":{"0":"post-2217","1":"product","2":"type-product","3":"status-publish","4":"has-post-thumbnail","6":"product_cat-signature","8":"first","9":"instock","10":"taxable","11":"shipping-taxable","12":"purchasable","13":"product-type-simple"},"bundled_by":["2255"],"bundle_stock_status":"instock","bundle_stock_quantity":null,"bundle_virtual":false,"bundle_layout":"","bundle_add_to_cart_form_location":"","bundle_editable_in_cart":false,"bundle_sold_individually_context":"","bundle_item_grouping":"","bundle_min_size":"","bundle_max_size":"","bundle_price":[],"bundled_items":[],"bundle_sell_ids":[],"acf":[],"_links":{"self":[{"href":"https:\/\/germanier.com\/de\/wp-json\/wp\/v2\/product\/2217","targetHints":{"allow":["GET"]}}],"collection":[{"href":"https:\/\/germanier.com\/de\/wp-json\/wp\/v2\/product"}],"about":[{"href":"https:\/\/germanier.com\/de\/wp-json\/wp\/v2\/types\/product"}],"replies":[{"embeddable":true,"href":"https:\/\/germanier.com\/de\/wp-json\/wp\/v2\/comments?post=2217"}],"version-history":[{"count":8,"href":"https:\/\/germanier.com\/de\/wp-json\/wp\/v2\/product\/2217\/revisions"}],"predecessor-version":[{"id":3848,"href":"https:\/\/germanier.com\/de\/wp-json\/wp\/v2\/product\/2217\/revisions\/3848"}],"wp:featuredmedia":[{"embeddable":true,"href":"https:\/\/germanier.com\/de\/wp-json\/wp\/v2\/media\/2159"}],"wp:attachment":[{"href":"https:\/\/germanier.com\/de\/wp-json\/wp\/v2\/media?parent=2217"}],"wp:term":[{"taxonomy":"product_brand","embeddable":true,"href":"https:\/\/germanier.com\/de\/wp-json\/wp\/v2\/product_brand?post=2217"},{"taxonomy":"product_cat","embeddable":true,"href":"https:\/\/germanier.com\/de\/wp-json\/wp\/v2\/product_cat?post=2217"},{"taxonomy":"product_tag","embeddable":true,"href":"https:\/\/germanier.com\/de\/wp-json\/wp\/v2\/product_tag?post=2217"},{"taxonomy":"giftcard-category","embeddable":true,"href":"https:\/\/germanier.com\/de\/wp-json\/wp\/v2\/giftcard-category?post=2217"}],"curies":[{"name":"wp","href":"https:\/\/api.w.org\/{rel}","templated":true}]}}