{"id":2215,"date":"2025-04-25T10:25:36","date_gmt":"2025-04-25T08:25:36","guid":{"rendered":"https:\/\/germanier.com\/?post_type=product&#038;p=2215"},"modified":"2025-10-21T09:32:21","modified_gmt":"2025-10-21T07:32:21","slug":"reflets-barrique","status":"publish","type":"product","link":"https:\/\/germanier.com\/de\/shop\/reflets-barrique\/","title":{"rendered":"Reflets Barrique"},"content":{"rendered":"","protected":false},"excerpt":{"rendered":"<p><span data-sheets-root=\"1\">Cet Humagne Rouge \u00e9lev\u00e9 en f\u00fbt de ch\u00eane pendant 12 mois se distingue par sa richesse et sa profondeur. Id\u00e9alement con\u00e7u pour accompagner les mets de chasse, il d\u00e9voile des ar\u00f4mes complexes et une structure \u00e9l\u00e9gante, faisant de lui le choix parfait pour des repas d\u2019exception.<\/span><\/p>","protected":false},"featured_media":2158,"comment_status":"open","ping_status":"closed","template":"","meta":{"_acf_changed":false},"product_brand":[],"product_cat":[95],"product_tag":[],"giftcard-category":[],"class_list":{"0":"post-2215","1":"product","2":"type-product","3":"status-publish","4":"has-post-thumbnail","6":"product_cat-signature","8":"first","9":"instock","10":"taxable","11":"shipping-taxable","12":"purchasable","13":"product-type-simple"},"bundled_by":["2255"],"bundle_stock_status":"instock","bundle_stock_quantity":null,"bundle_virtual":false,"bundle_layout":"","bundle_add_to_cart_form_location":"","bundle_editable_in_cart":false,"bundle_sold_individually_context":"","bundle_item_grouping":"","bundle_min_size":"","bundle_max_size":"","bundle_price":[],"bundled_items":[],"bundle_sell_ids":[],"acf":[],"_links":{"self":[{"href":"https:\/\/germanier.com\/de\/wp-json\/wp\/v2\/product\/2215","targetHints":{"allow":["GET"]}}],"collection":[{"href":"https:\/\/germanier.com\/de\/wp-json\/wp\/v2\/product"}],"about":[{"href":"https:\/\/germanier.com\/de\/wp-json\/wp\/v2\/types\/product"}],"replies":[{"embeddable":true,"href":"https:\/\/germanier.com\/de\/wp-json\/wp\/v2\/comments?post=2215"}],"version-history":[{"count":8,"href":"https:\/\/germanier.com\/de\/wp-json\/wp\/v2\/product\/2215\/revisions"}],"predecessor-version":[{"id":3849,"href":"https:\/\/germanier.com\/de\/wp-json\/wp\/v2\/product\/2215\/revisions\/3849"}],"wp:featuredmedia":[{"embeddable":true,"href":"https:\/\/germanier.com\/de\/wp-json\/wp\/v2\/media\/2158"}],"wp:attachment":[{"href":"https:\/\/germanier.com\/de\/wp-json\/wp\/v2\/media?parent=2215"}],"wp:term":[{"taxonomy":"product_brand","embeddable":true,"href":"https:\/\/germanier.com\/de\/wp-json\/wp\/v2\/product_brand?post=2215"},{"taxonomy":"product_cat","embeddable":true,"href":"https:\/\/germanier.com\/de\/wp-json\/wp\/v2\/product_cat?post=2215"},{"taxonomy":"product_tag","embeddable":true,"href":"https:\/\/germanier.com\/de\/wp-json\/wp\/v2\/product_tag?post=2215"},{"taxonomy":"giftcard-category","embeddable":true,"href":"https:\/\/germanier.com\/de\/wp-json\/wp\/v2\/giftcard-category?post=2215"}],"curies":[{"name":"wp","href":"https:\/\/api.w.org\/{rel}","templated":true}]}}