{"id":2213,"date":"2025-04-25T10:41:47","date_gmt":"2025-04-25T08:41:47","guid":{"rendered":"https:\/\/germanier.com\/?post_type=product&#038;p=2213"},"modified":"2025-10-21T09:35:01","modified_gmt":"2025-10-21T07:35:01","slug":"reflets-blanc","status":"publish","type":"product","link":"https:\/\/germanier.com\/de\/shop\/reflets-blanc\/","title":{"rendered":"Reflets Blanc"},"content":{"rendered":"","protected":false},"excerpt":{"rendered":"<p><span data-sheets-root=\"1\">Ce Fendant se distingue par sa finesse et sa complexit\u00e9. Ses ar\u00f4mes subtils de fruits blancs, associ\u00e9s \u00e0 une min\u00e9ralit\u00e9 marqu\u00e9e, r\u00e9v\u00e8lent l&rsquo;authenticit\u00e9 du terroir valaisan. En bouche, il offre une fra\u00eecheur agr\u00e9able qui souligne son \u00e9l\u00e9gance.\u00a0<\/span><\/p>","protected":false},"featured_media":2157,"comment_status":"open","ping_status":"closed","template":"","meta":{"_acf_changed":false},"product_brand":[],"product_cat":[95],"product_tag":[],"giftcard-category":[],"class_list":{"0":"post-2213","1":"product","2":"type-product","3":"status-publish","4":"has-post-thumbnail","6":"product_cat-signature","8":"first","9":"instock","10":"taxable","11":"shipping-taxable","12":"purchasable","13":"product-type-simple"},"bundled_by":["2255"],"bundle_stock_status":"instock","bundle_stock_quantity":null,"bundle_virtual":false,"bundle_layout":"","bundle_add_to_cart_form_location":"","bundle_editable_in_cart":false,"bundle_sold_individually_context":"","bundle_item_grouping":"","bundle_min_size":"","bundle_max_size":"","bundle_price":[],"bundled_items":[],"bundle_sell_ids":[],"acf":[],"_links":{"self":[{"href":"https:\/\/germanier.com\/de\/wp-json\/wp\/v2\/product\/2213","targetHints":{"allow":["GET"]}}],"collection":[{"href":"https:\/\/germanier.com\/de\/wp-json\/wp\/v2\/product"}],"about":[{"href":"https:\/\/germanier.com\/de\/wp-json\/wp\/v2\/types\/product"}],"replies":[{"embeddable":true,"href":"https:\/\/germanier.com\/de\/wp-json\/wp\/v2\/comments?post=2213"}],"version-history":[{"count":6,"href":"https:\/\/germanier.com\/de\/wp-json\/wp\/v2\/product\/2213\/revisions"}],"predecessor-version":[{"id":3851,"href":"https:\/\/germanier.com\/de\/wp-json\/wp\/v2\/product\/2213\/revisions\/3851"}],"wp:featuredmedia":[{"embeddable":true,"href":"https:\/\/germanier.com\/de\/wp-json\/wp\/v2\/media\/2157"}],"wp:attachment":[{"href":"https:\/\/germanier.com\/de\/wp-json\/wp\/v2\/media?parent=2213"}],"wp:term":[{"taxonomy":"product_brand","embeddable":true,"href":"https:\/\/germanier.com\/de\/wp-json\/wp\/v2\/product_brand?post=2213"},{"taxonomy":"product_cat","embeddable":true,"href":"https:\/\/germanier.com\/de\/wp-json\/wp\/v2\/product_cat?post=2213"},{"taxonomy":"product_tag","embeddable":true,"href":"https:\/\/germanier.com\/de\/wp-json\/wp\/v2\/product_tag?post=2213"},{"taxonomy":"giftcard-category","embeddable":true,"href":"https:\/\/germanier.com\/de\/wp-json\/wp\/v2\/giftcard-category?post=2213"}],"curies":[{"name":"wp","href":"https:\/\/api.w.org\/{rel}","templated":true}]}}