{"id":2211,"date":"2025-05-22T14:51:11","date_gmt":"2025-05-22T12:51:11","guid":{"rendered":"https:\/\/germanier.com\/?post_type=product&#038;p=2211"},"modified":"2025-10-21T10:10:53","modified_gmt":"2025-10-21T08:10:53","slug":"bruttoreserve","status":"publish","type":"product","link":"https:\/\/germanier.com\/de\/shop\/bruttoreserve\/","title":{"rendered":"Brut R\u00e9serve"},"content":{"rendered":"","protected":false},"excerpt":{"rendered":"<p><span data-sheets-root=\"1\">Der Brut R\u00e9serve, ein Schaumwein, der ausschlie\u00dflich aus Chardonnay hergestellt wird, ist eine subtile Assemblage aus mehreren Jahrg\u00e4ngen. Er entfaltet zarte Aromen von reifen \u00c4pfeln, getoasteten Haseln\u00fcssen und frischen Limetten. Am Gaumen wird seine cremige und raffinierte Textur durch eine angenehme Lebendigkeit ausgeglichen, die zu einem langen und perfekt harmonischen Abgang f\u00fchrt. Ein Wein von gro\u00dfer Finesse, ideal f\u00fcr alle gemeinsamen Momente.<\/span><\/p>","protected":false},"featured_media":2136,"comment_status":"open","ping_status":"closed","template":"","meta":{"_acf_changed":false},"product_brand":[],"product_cat":[18,176],"product_tag":[],"giftcard-category":[],"class_list":{"0":"post-2211","1":"product","2":"type-product","3":"status-publish","4":"has-post-thumbnail","6":"product_cat-mousseux","7":"product_cat-vins-medailles","9":"first","10":"instock","11":"taxable","12":"shipping-taxable","13":"purchasable","14":"product-type-variable"},"bundled_by":["2341"],"bundle_stock_status":"instock","bundle_stock_quantity":null,"bundle_virtual":false,"bundle_layout":"","bundle_add_to_cart_form_location":"","bundle_editable_in_cart":false,"bundle_sold_individually_context":"","bundle_item_grouping":"","bundle_min_size":"","bundle_max_size":"","bundle_price":[],"bundled_items":[],"bundle_sell_ids":[],"acf":[],"_links":{"self":[{"href":"https:\/\/germanier.com\/de\/wp-json\/wp\/v2\/product\/2211","targetHints":{"allow":["GET"]}}],"collection":[{"href":"https:\/\/germanier.com\/de\/wp-json\/wp\/v2\/product"}],"about":[{"href":"https:\/\/germanier.com\/de\/wp-json\/wp\/v2\/types\/product"}],"replies":[{"embeddable":true,"href":"https:\/\/germanier.com\/de\/wp-json\/wp\/v2\/comments?post=2211"}],"version-history":[{"count":4,"href":"https:\/\/germanier.com\/de\/wp-json\/wp\/v2\/product\/2211\/revisions"}],"predecessor-version":[{"id":3111,"href":"https:\/\/germanier.com\/de\/wp-json\/wp\/v2\/product\/2211\/revisions\/3111"}],"wp:featuredmedia":[{"embeddable":true,"href":"https:\/\/germanier.com\/de\/wp-json\/wp\/v2\/media\/2136"}],"wp:attachment":[{"href":"https:\/\/germanier.com\/de\/wp-json\/wp\/v2\/media?parent=2211"}],"wp:term":[{"taxonomy":"product_brand","embeddable":true,"href":"https:\/\/germanier.com\/de\/wp-json\/wp\/v2\/product_brand?post=2211"},{"taxonomy":"product_cat","embeddable":true,"href":"https:\/\/germanier.com\/de\/wp-json\/wp\/v2\/product_cat?post=2211"},{"taxonomy":"product_tag","embeddable":true,"href":"https:\/\/germanier.com\/de\/wp-json\/wp\/v2\/product_tag?post=2211"},{"taxonomy":"giftcard-category","embeddable":true,"href":"https:\/\/germanier.com\/de\/wp-json\/wp\/v2\/giftcard-category?post=2211"}],"curies":[{"name":"wp","href":"https:\/\/api.w.org\/{rel}","templated":true}]}}