{"id":2207,"date":"2025-04-25T13:49:09","date_gmt":"2025-04-25T11:49:09","guid":{"rendered":"https:\/\/germanier.com\/?post_type=product&#038;p=2207"},"modified":"2026-03-04T16:33:30","modified_gmt":"2026-03-04T15:33:30","slug":"brut-rose-aoc-du-valais","status":"publish","type":"product","link":"https:\/\/germanier.com\/de\/shop\/brut-rose-aoc-du-valais\/","title":{"rendered":"Brut du Valais Ros\u00e9"},"content":{"rendered":"","protected":false},"excerpt":{"rendered":"<p><span data-sheets-root=\"1\">Le Brut Ros\u00e9 se distingue par sa d\u00e9licate robe framboise, qui annonce la l\u00e9g\u00e8ret\u00e9 et la fra\u00eecheur de son caract\u00e8re. Au nez, il r\u00e9v\u00e8le des ar\u00f4mes gourmands de baies des bois, offrant une belle vivacit\u00e9. En bouche, il se caract\u00e9rise par une \u00e9nergie \u00e9clatante, suivie d\u2019une longue finale harmonieuse qui invite \u00e0 la d\u00e9gustation.<\/span><\/p>","protected":false},"featured_media":2137,"comment_status":"open","ping_status":"closed","template":"","meta":{"_acf_changed":false},"product_brand":[],"product_cat":[18,176],"product_tag":[],"giftcard-category":[],"class_list":{"0":"post-2207","1":"product","2":"type-product","3":"status-publish","4":"has-post-thumbnail","6":"product_cat-mousseux","7":"product_cat-vins-medailles","9":"first","10":"instock","11":"featured","12":"taxable","13":"shipping-taxable","14":"purchasable","15":"product-type-simple"},"bundled_by":["2330","2341","2443","3759"],"bundle_stock_status":"instock","bundle_stock_quantity":null,"bundle_virtual":false,"bundle_layout":"","bundle_add_to_cart_form_location":"","bundle_editable_in_cart":false,"bundle_sold_individually_context":"","bundle_item_grouping":"","bundle_min_size":"","bundle_max_size":"","bundle_price":[],"bundled_items":[],"bundle_sell_ids":[],"acf":[],"_links":{"self":[{"href":"https:\/\/germanier.com\/de\/wp-json\/wp\/v2\/product\/2207","targetHints":{"allow":["GET"]}}],"collection":[{"href":"https:\/\/germanier.com\/de\/wp-json\/wp\/v2\/product"}],"about":[{"href":"https:\/\/germanier.com\/de\/wp-json\/wp\/v2\/types\/product"}],"replies":[{"embeddable":true,"href":"https:\/\/germanier.com\/de\/wp-json\/wp\/v2\/comments?post=2207"}],"version-history":[{"count":4,"href":"https:\/\/germanier.com\/de\/wp-json\/wp\/v2\/product\/2207\/revisions"}],"predecessor-version":[{"id":3861,"href":"https:\/\/germanier.com\/de\/wp-json\/wp\/v2\/product\/2207\/revisions\/3861"}],"wp:featuredmedia":[{"embeddable":true,"href":"https:\/\/germanier.com\/de\/wp-json\/wp\/v2\/media\/2137"}],"wp:attachment":[{"href":"https:\/\/germanier.com\/de\/wp-json\/wp\/v2\/media?parent=2207"}],"wp:term":[{"taxonomy":"product_brand","embeddable":true,"href":"https:\/\/germanier.com\/de\/wp-json\/wp\/v2\/product_brand?post=2207"},{"taxonomy":"product_cat","embeddable":true,"href":"https:\/\/germanier.com\/de\/wp-json\/wp\/v2\/product_cat?post=2207"},{"taxonomy":"product_tag","embeddable":true,"href":"https:\/\/germanier.com\/de\/wp-json\/wp\/v2\/product_tag?post=2207"},{"taxonomy":"giftcard-category","embeddable":true,"href":"https:\/\/germanier.com\/de\/wp-json\/wp\/v2\/giftcard-category?post=2207"}],"curies":[{"name":"wp","href":"https:\/\/api.w.org\/{rel}","templated":true}]}}