{"id":2197,"date":"2025-05-22T14:50:31","date_gmt":"2025-05-22T12:50:31","guid":{"rendered":"https:\/\/germanier.com\/?post_type=product&#038;p=2197"},"modified":"2026-03-27T14:31:30","modified_gmt":"2026-03-27T13:31:30","slug":"paien-cave-du-tunnel","status":"publish","type":"product","link":"https:\/\/germanier.com\/de\/shop\/paien-cave-du-tunnel\/","title":{"rendered":"Pa\u00efen Cave du Tunnel"},"content":{"rendered":"","protected":false},"excerpt":{"rendered":"<p><span data-sheets-root=\"1\">Der Pa\u00efen, oder He\u00efda, je nach Region des Wallis, ist ein Wein aus der Rebsorte Savagnin blanc. Er besticht durch seine Aromen von exotischen Fr\u00fcchten und Zitrusfr\u00fcchten, die mit einer sch\u00f6nen Lebendigkeit verbunden sind. Seine Tonizit\u00e4t und seine ausgepr\u00e4gte S\u00e4ure verleihen ihm ein bemerkenswertes Alterungspotenzial.<\/span><\/p>\n<p>&nbsp;<\/p>","protected":false},"featured_media":2144,"comment_status":"open","ping_status":"closed","template":"","meta":{"_acf_changed":false},"product_brand":[],"product_cat":[15],"product_tag":[],"giftcard-category":[],"class_list":{"0":"post-2197","1":"product","2":"type-product","3":"status-publish","4":"has-post-thumbnail","6":"product_cat-cave-du-tunnel","8":"first","9":"instock","10":"taxable","11":"shipping-taxable","12":"purchasable","13":"product-type-simple"},"bundled_by":[],"bundle_stock_status":"instock","bundle_stock_quantity":null,"bundle_virtual":false,"bundle_layout":"","bundle_add_to_cart_form_location":"","bundle_editable_in_cart":false,"bundle_sold_individually_context":"","bundle_item_grouping":"","bundle_min_size":"","bundle_max_size":"","bundle_price":[],"bundled_items":[],"bundle_sell_ids":[],"acf":[],"_links":{"self":[{"href":"https:\/\/germanier.com\/de\/wp-json\/wp\/v2\/product\/2197","targetHints":{"allow":["GET"]}}],"collection":[{"href":"https:\/\/germanier.com\/de\/wp-json\/wp\/v2\/product"}],"about":[{"href":"https:\/\/germanier.com\/de\/wp-json\/wp\/v2\/types\/product"}],"replies":[{"embeddable":true,"href":"https:\/\/germanier.com\/de\/wp-json\/wp\/v2\/comments?post=2197"}],"version-history":[{"count":10,"href":"https:\/\/germanier.com\/de\/wp-json\/wp\/v2\/product\/2197\/revisions"}],"predecessor-version":[{"id":3893,"href":"https:\/\/germanier.com\/de\/wp-json\/wp\/v2\/product\/2197\/revisions\/3893"}],"wp:featuredmedia":[{"embeddable":true,"href":"https:\/\/germanier.com\/de\/wp-json\/wp\/v2\/media\/2144"}],"wp:attachment":[{"href":"https:\/\/germanier.com\/de\/wp-json\/wp\/v2\/media?parent=2197"}],"wp:term":[{"taxonomy":"product_brand","embeddable":true,"href":"https:\/\/germanier.com\/de\/wp-json\/wp\/v2\/product_brand?post=2197"},{"taxonomy":"product_cat","embeddable":true,"href":"https:\/\/germanier.com\/de\/wp-json\/wp\/v2\/product_cat?post=2197"},{"taxonomy":"product_tag","embeddable":true,"href":"https:\/\/germanier.com\/de\/wp-json\/wp\/v2\/product_tag?post=2197"},{"taxonomy":"giftcard-category","embeddable":true,"href":"https:\/\/germanier.com\/de\/wp-json\/wp\/v2\/giftcard-category?post=2197"}],"curies":[{"name":"wp","href":"https:\/\/api.w.org\/{rel}","templated":true}]}}