{"id":2182,"date":"2025-05-22T14:51:04","date_gmt":"2025-05-22T12:51:04","guid":{"rendered":"https:\/\/germanier.com\/?post_type=product&#038;p=2182"},"modified":"2025-12-04T09:44:42","modified_gmt":"2025-12-04T08:44:42","slug":"fendant-cave-du-tunnel","status":"publish","type":"product","link":"https:\/\/germanier.com\/de\/shop\/fendant-cave-du-tunnel\/","title":{"rendered":"Fendant Cave du Tunnel"},"content":{"rendered":"","protected":false},"excerpt":{"rendered":"<p><span data-sheets-root=\"1\">Dieser Fendant zeichnet sich durch seine Frische und Lebendigkeit aus. Er entfaltet Aromen von Zitrusfr\u00fcchten und wei\u00dffleischigen Fr\u00fcchten mit mineralischen Ankl\u00e4ngen, die sein Terroir betonen. Leicht kohlens\u00e4urehaltig, bietet er einen knackigen und erfrischenden Geschmack.<\/span><\/p>","protected":false},"featured_media":2140,"comment_status":"open","ping_status":"closed","template":"","meta":{"_acf_changed":false},"product_brand":[],"product_cat":[15],"product_tag":[],"giftcard-category":[],"class_list":{"0":"post-2182","1":"product","2":"type-product","3":"status-publish","4":"has-post-thumbnail","6":"product_cat-cave-du-tunnel","8":"first","9":"instock","10":"taxable","11":"shipping-taxable","12":"purchasable","13":"product-type-variable"},"bundled_by":["2439","3948"],"bundle_stock_status":"instock","bundle_stock_quantity":null,"bundle_virtual":false,"bundle_layout":"","bundle_add_to_cart_form_location":"","bundle_editable_in_cart":false,"bundle_sold_individually_context":"","bundle_item_grouping":"","bundle_min_size":"","bundle_max_size":"","bundle_price":[],"bundled_items":[],"bundle_sell_ids":[],"acf":[],"_links":{"self":[{"href":"https:\/\/germanier.com\/de\/wp-json\/wp\/v2\/product\/2182","targetHints":{"allow":["GET"]}}],"collection":[{"href":"https:\/\/germanier.com\/de\/wp-json\/wp\/v2\/product"}],"about":[{"href":"https:\/\/germanier.com\/de\/wp-json\/wp\/v2\/types\/product"}],"replies":[{"embeddable":true,"href":"https:\/\/germanier.com\/de\/wp-json\/wp\/v2\/comments?post=2182"}],"version-history":[{"count":11,"href":"https:\/\/germanier.com\/de\/wp-json\/wp\/v2\/product\/2182\/revisions"}],"predecessor-version":[{"id":3510,"href":"https:\/\/germanier.com\/de\/wp-json\/wp\/v2\/product\/2182\/revisions\/3510"}],"wp:featuredmedia":[{"embeddable":true,"href":"https:\/\/germanier.com\/de\/wp-json\/wp\/v2\/media\/2140"}],"wp:attachment":[{"href":"https:\/\/germanier.com\/de\/wp-json\/wp\/v2\/media?parent=2182"}],"wp:term":[{"taxonomy":"product_brand","embeddable":true,"href":"https:\/\/germanier.com\/de\/wp-json\/wp\/v2\/product_brand?post=2182"},{"taxonomy":"product_cat","embeddable":true,"href":"https:\/\/germanier.com\/de\/wp-json\/wp\/v2\/product_cat?post=2182"},{"taxonomy":"product_tag","embeddable":true,"href":"https:\/\/germanier.com\/de\/wp-json\/wp\/v2\/product_tag?post=2182"},{"taxonomy":"giftcard-category","embeddable":true,"href":"https:\/\/germanier.com\/de\/wp-json\/wp\/v2\/giftcard-category?post=2182"}],"curies":[{"name":"wp","href":"https:\/\/api.w.org\/{rel}","templated":true}]}}