{"id":2161,"date":"2025-04-08T10:28:06","date_gmt":"2025-04-08T08:28:06","guid":{"rendered":"https:\/\/germanier.com\/?post_type=product&#038;p=2161"},"modified":"2026-03-26T13:39:37","modified_gmt":"2026-03-26T12:39:37","slug":"brut-aoc-du-valais-millesime","status":"publish","type":"product","link":"https:\/\/germanier.com\/de\/shop\/brut-aoc-du-valais-millesime\/","title":{"rendered":"Brut du Valais Mill\u00e9sim\u00e9"},"content":{"rendered":"","protected":false},"excerpt":{"rendered":"<p><span data-sheets-root=\"1\">Die reif gepfl\u00fcckten Chardonnay-Trauben werden sanft in die Presse gelegt, ohne sie zu quetschen oder abzubeeren, um die Frische und Unversehrtheit der Frucht zu bewahren. Die langsame Schaumbildung in der Flasche erm\u00f6glicht es dem Wein, eine feine und elegante Perlage zu entwickeln, w\u00e4hrend eine 36-monatige Reifung auf Latten in einem Weinkeller mit konstanter Temperatur die Komplexit\u00e4t des Weins verfeinert. Nach sorgf\u00e4ltigem R\u00fctteln und pr\u00e4zisem Degorgieren entfaltet dieser Brut du Valais Mill\u00e9sim\u00e9 einen zarten und anhaltenden Schaum, der von subtilen Noten reifer Fr\u00fcchte und Brioche begleitet wird und so einen Wein von gro\u00dfer Finesse und bemerkenswerter Komplexit\u00e4t bietet.<br \/>\n<\/span><\/p>","protected":false},"featured_media":2135,"comment_status":"open","ping_status":"closed","template":"","meta":{"_acf_changed":false},"product_brand":[],"product_cat":[181,18,176],"product_tag":[],"giftcard-category":[],"class_list":{"0":"post-2161","1":"product","2":"type-product","3":"status-publish","4":"has-post-thumbnail","6":"product_cat-en-ce-moment","7":"product_cat-mousseux","8":"product_cat-vins-medailles","10":"first","11":"instock","12":"featured","13":"taxable","14":"shipping-taxable","15":"purchasable","16":"product-type-variable"},"bundled_by":["2171","2332","2335","2337","2339","2341","2439","2446","3759","3766"],"bundle_stock_status":"instock","bundle_stock_quantity":null,"bundle_virtual":false,"bundle_layout":"","bundle_add_to_cart_form_location":"","bundle_editable_in_cart":false,"bundle_sold_individually_context":"","bundle_item_grouping":"","bundle_min_size":"","bundle_max_size":"","bundle_price":[],"bundled_items":[],"bundle_sell_ids":[],"acf":[],"_links":{"self":[{"href":"https:\/\/germanier.com\/de\/wp-json\/wp\/v2\/product\/2161","targetHints":{"allow":["GET"]}}],"collection":[{"href":"https:\/\/germanier.com\/de\/wp-json\/wp\/v2\/product"}],"about":[{"href":"https:\/\/germanier.com\/de\/wp-json\/wp\/v2\/types\/product"}],"replies":[{"embeddable":true,"href":"https:\/\/germanier.com\/de\/wp-json\/wp\/v2\/comments?post=2161"}],"version-history":[{"count":12,"href":"https:\/\/germanier.com\/de\/wp-json\/wp\/v2\/product\/2161\/revisions"}],"predecessor-version":[{"id":3361,"href":"https:\/\/germanier.com\/de\/wp-json\/wp\/v2\/product\/2161\/revisions\/3361"}],"wp:featuredmedia":[{"embeddable":true,"href":"https:\/\/germanier.com\/de\/wp-json\/wp\/v2\/media\/2135"}],"wp:attachment":[{"href":"https:\/\/germanier.com\/de\/wp-json\/wp\/v2\/media?parent=2161"}],"wp:term":[{"taxonomy":"product_brand","embeddable":true,"href":"https:\/\/germanier.com\/de\/wp-json\/wp\/v2\/product_brand?post=2161"},{"taxonomy":"product_cat","embeddable":true,"href":"https:\/\/germanier.com\/de\/wp-json\/wp\/v2\/product_cat?post=2161"},{"taxonomy":"product_tag","embeddable":true,"href":"https:\/\/germanier.com\/de\/wp-json\/wp\/v2\/product_tag?post=2161"},{"taxonomy":"giftcard-category","embeddable":true,"href":"https:\/\/germanier.com\/de\/wp-json\/wp\/v2\/giftcard-category?post=2161"}],"curies":[{"name":"wp","href":"https:\/\/api.w.org\/{rel}","templated":true}]}}